{"id":416,"date":"2023-05-25T18:09:43","date_gmt":"2023-05-25T16:09:43","guid":{"rendered":"https:\/\/linformatic.fr\/fr\/?page_id=416"},"modified":"2023-05-26T11:09:56","modified_gmt":"2023-05-26T09:09:56","slug":"depannage-informatique-lacroix-saint-ouen","status":"publish","type":"page","link":"https:\/\/linformatic.fr\/fr\/depannage-informatique-lacroix-saint-ouen\/","title":{"rendered":"Technicien Informatique \u00e0 Lacroix-Saint-Ouen &#8211; D\u00e9pannage, Maintenance et S\u00e9curit\u00e9 Informatique"},"content":{"rendered":"\n<div class=\"wp-block-columns is-layout-flex wp-container-core-columns-is-layout-28f84493 wp-block-columns-is-layout-flex\">\n<div class=\"wp-block-column uag-hide-mob is-layout-flow wp-block-column-is-layout-flow\" style=\"flex-basis:33%\">\n<figure class=\"wp-block-image size-full\"><img loading=\"lazy\" decoding=\"async\" width=\"433\" height=\"469\" src=\"https:\/\/linformatic.fr\/fr\/wp-content\/uploads\/2023\/05\/maplacroix.jpg\" alt=\"\" class=\"wp-image-417\" srcset=\"https:\/\/linformatic.fr\/fr\/wp-content\/uploads\/2023\/05\/maplacroix.jpg 433w, https:\/\/linformatic.fr\/fr\/wp-content\/uploads\/2023\/05\/maplacroix-277x300.jpg 277w\" sizes=\"auto, (max-width: 433px) 100vw, 433px\" \/><\/figure>\n<\/div>\n\n\n\n<div class=\"wp-block-column is-layout-flow wp-block-column-is-layout-flow\" style=\"flex-basis:60%\">\n<div style=\"height:32px\" aria-hidden=\"true\" class=\"wp-block-spacer\"><\/div>\n\n\n\n<h4 class=\"wp-block-heading has-text-align-center\"><a href=\"https:\/\/linformatic.fr\/fr\/#particuliers\">Particuliers<\/a> et <a href=\"https:\/\/linformatic.fr\/fr\/#entreprises\">Entreprises<\/a>&#8230;<\/h4>\n\n\n\n<div style=\"height:32px\" aria-hidden=\"true\" class=\"wp-block-spacer\"><\/div>\n\n\n\n<p>Vous recherchez un technicien informatique fiable et r\u00e9actif \u00e0 Lacroix-Saint-Ouen ? Ne cherchez plus ! Notre technicien informatique est l\u00e0 pour vous offrir des services complets de d\u00e9pannage, de maintenance et de s\u00e9curit\u00e9 informatique, que vous soyez <a href=\"https:\/\/linformatic.fr\/fr\/#particuliers\">un particulier<\/a> ou <a href=\"https:\/\/linformatic.fr\/fr\/#entreprises\">un professionnel<\/a>.<\/p>\n\n\n\n<div style=\"height:32px\" aria-hidden=\"true\" class=\"wp-block-spacer\"><\/div>\n\n\n\n<h4 class=\"wp-block-heading\">Maintenance informatique \u00e0 Lacroix-Saint-Ouen <\/h4>\n\n\n\n<p>Pour garantir la performance et la durabilit\u00e9 de votre parc informatique, une maintenance r\u00e9guli\u00e8re est essentielle. Notre technicien informatique \u00e0 Lacroix-Saint-Ouen effectue des contr\u00f4les pr\u00e9ventifs, mises \u00e0 jour logicielles, optimisations de syst\u00e8me et des nettoyages. <br>Ainsi nous veillons \u00e0 ce que votre mat\u00e9riel et vos logiciels fonctionnent de mani\u00e8re optimale, ce qui r\u00e9duit les risques de pannes et prolonge la dur\u00e9e de vie de vos \u00e9quipements.<\/p>\n<\/div>\n<\/div>\n\n\n\n<h4 class=\"wp-block-heading has-text-align-left\">D\u00e9placement \u00e0 Domicile sur Lacroix-Saint-Ouen<\/h4>\n\n\n\n<p>En cas de probl\u00e8mes informatiques, notre technicien est disponible pour vous aider rapidement. <br>Que ce soit pour r\u00e9soudre des pannes mat\u00e9rielles, des probl\u00e8mes de connexion Internet, des erreurs logicielles ou des virus, nous mettons tout en \u0153uvre pour r\u00e9tablir le bon fonctionnement de votre \u00e9quipement. <\/p>\n\n\n\n<div style=\"height:1em\" aria-hidden=\"true\" class=\"wp-block-spacer\"><\/div>\n\n\n\n<h4 class=\"wp-block-heading\">S\u00e9curit\u00e9 informatique \u00e0 Lacroix-Saint-Ouen <\/h4>\n\n\n\n<p>La protection de vos donn\u00e9es et la s\u00e9curisation de votre r\u00e9seau sont primordiales. <br>Notre technicien informatique \u00e0 Lacroix-Saint-Ouen met en place des mesures de s\u00e9curit\u00e9 avanc\u00e9es pour vous prot\u00e9ger contre les virus, les logiciels malveillants et les cyberattaques. <br>Nous vous conseillons \u00e9galement sur les bonnes pratiques en mati\u00e8re de s\u00e9curit\u00e9 informatique, telles que l&rsquo;utilisation de mots de passe forts et la sauvegarde r\u00e9guli\u00e8re de vos donn\u00e9es. <br>Ainsi avec notre expertise en s\u00e9curit\u00e9 informatique, vous pouvez naviguer sur Internet en toute tranquillit\u00e9 d&rsquo;esprit.<\/p>\n\n\n\n<div style=\"height:1em\" aria-hidden=\"true\" class=\"wp-block-spacer\"><\/div>\n\n\n\n<h4 class=\"wp-block-heading\">Intervention Rapide !<\/h4>\n\n\n\n<p>En choisissant notre technicien informatique \u00e0 Lacroix-Saint-Ouen, vous b\u00e9n\u00e9ficiez d&rsquo;un accompagnement personnalis\u00e9 et d&rsquo;une solution adapt\u00e9e \u00e0 vos besoins sp\u00e9cifiques. <br>Nous comprenons l&rsquo;importance de la r\u00e9activit\u00e9 et de la fiabilit\u00e9 lorsque vous rencontrez des probl\u00e8mes informatiques. <\/p>\n\n\n\n<p>N&rsquo;attendez plus pour b\u00e9n\u00e9ficier de nos services de d\u00e9pannage, de maintenance et de s\u00e9curit\u00e9 informatique \u00e0 Lacroix-Saint-Ouen. <br>Contactez notre \u00e9quipe d\u00e8s aujourd&rsquo;hui pour obtenir une assistance professionnelle et des solutions informatiques fiables et efficaces.<\/p>\n\n\n\n<div style=\"height:1em\" aria-hidden=\"true\" class=\"wp-block-spacer\"><\/div>\n","protected":false},"excerpt":{"rendered":"<p>Particuliers et Entreprises&#8230; Vous recherchez un technicien informatique fiable et r\u00e9actif \u00e0 Lacroix-Saint-Ouen ? Ne cherchez plus ! Notre technicien informatique est l\u00e0 pour vous offrir des services complets de d\u00e9pannage, de maintenance et de s\u00e9curit\u00e9 informatique, que vous soyez un particulier ou un professionnel. Maintenance informatique \u00e0 Lacroix-Saint-Ouen Pour garantir la performance et la [&hellip;]<\/p>\n","protected":false},"author":1,"featured_media":0,"parent":0,"menu_order":0,"comment_status":"closed","ping_status":"closed","template":"page-large-header","meta":{"BoldBlocksTypography":[],"_uag_custom_page_level_css":"","footnotes":""},"class_list":["post-416","page","type-page","status-publish","hentry"],"yoast_head":"<!-- This site is optimized with the Yoast SEO plugin v20.9 - https:\/\/yoast.com\/wordpress\/plugins\/seo\/ -->\n<title>D\u00e9pannage informatique \u00e0 Lacroix-Saint-Ouen<\/title>\n<meta name=\"description\" content=\"Besoin d&#039;un technicien informatique \u00e0 Lacroix-Saint-Ouen ? Notre \u00e9quipe exp\u00e9riment\u00e9e vous propose des services de d\u00e9pannage, maintenance et s\u00e9curit\u00e9 informatique adapt\u00e9s \u00e0 vos besoins. Contactez-nous d\u00e8s maintenant !\" \/>\n<meta name=\"robots\" content=\"index, follow, max-snippet:-1, max-image-preview:large, max-video-preview:-1\" \/>\n<link rel=\"canonical\" href=\"https:\/\/linformatic.fr\/fr\/depannage-informatique-lacroix-saint-ouen\/\" \/>\n<meta property=\"og:locale\" content=\"fr_FR\" \/>\n<meta property=\"og:type\" content=\"article\" \/>\n<meta property=\"og:title\" content=\"Technicien Informatique \u00e0 Lacroix-Saint-Ouen - D\u00e9pannage, Maintenance et S\u00e9curit\u00e9 Informatique\" \/>\n<meta property=\"og:description\" content=\"Besoin d&#039;un technicien informatique \u00e0 Lacroix-Saint-Ouen ? Notre \u00e9quipe exp\u00e9riment\u00e9e vous propose des services de d\u00e9pannage, maintenance et s\u00e9curit\u00e9 informatique adapt\u00e9s \u00e0 vos besoins. Contactez-nous d\u00e8s maintenant !\" \/>\n<meta property=\"og:url\" content=\"https:\/\/linformatic.fr\/fr\/depannage-informatique-lacroix-saint-ouen\/\" \/>\n<meta property=\"og:site_name\" content=\"L&#039;informaTIC\" \/>\n<meta property=\"article:publisher\" content=\"https:\/\/www.facebook.com\/LinformaTIC60\" \/>\n<meta property=\"article:modified_time\" content=\"2023-05-26T09:09:56+00:00\" \/>\n<meta property=\"og:image\" content=\"https:\/\/linformatic.fr\/fr\/wp-content\/uploads\/2023\/05\/maplacroix.jpg\" \/>\n\t<meta property=\"og:image:width\" content=\"433\" \/>\n\t<meta property=\"og:image:height\" content=\"469\" \/>\n\t<meta property=\"og:image:type\" content=\"image\/jpeg\" \/>\n<meta name=\"twitter:card\" content=\"summary_large_image\" \/>\n<meta name=\"twitter:title\" content=\"Technicien Informatique \u00e0 Lacroix-Saint-Ouen - D\u00e9pannage, Maintenance et S\u00e9curit\u00e9 Informatique\" \/>\n<meta name=\"twitter:description\" content=\"Besoin d&#039;un technicien informatique \u00e0 Lacroix-Saint-Ouen ? Notre \u00e9quipe exp\u00e9riment\u00e9e vous propose des services de d\u00e9pannage, maintenance et s\u00e9curit\u00e9 informatique adapt\u00e9s \u00e0 vos besoins. Contactez-nous d\u00e8s maintenant !\" \/>\n<meta name=\"twitter:image\" content=\"https:\/\/linformatic.fr\/fr\/wp-content\/uploads\/2023\/05\/maplacroix.jpg\" \/>\n<meta name=\"twitter:label1\" content=\"Dur\u00e9e de lecture estim\u00e9e\" \/>\n\t<meta name=\"twitter:data1\" content=\"2 minutes\" \/>\n<script type=\"application\/ld+json\" class=\"yoast-schema-graph\">{\"@context\":\"https:\/\/schema.org\",\"@graph\":[{\"@type\":\"WebPage\",\"@id\":\"https:\/\/linformatic.fr\/fr\/depannage-informatique-lacroix-saint-ouen\/\",\"url\":\"https:\/\/linformatic.fr\/fr\/depannage-informatique-lacroix-saint-ouen\/\",\"name\":\"D\u00e9pannage informatique \u00e0 Lacroix-Saint-Ouen\",\"isPartOf\":{\"@id\":\"https:\/\/linformatic.fr\/fr\/#website\"},\"datePublished\":\"2023-05-25T16:09:43+00:00\",\"dateModified\":\"2023-05-26T09:09:56+00:00\",\"description\":\"Besoin d'un technicien informatique \u00e0 Lacroix-Saint-Ouen ? Notre \u00e9quipe exp\u00e9riment\u00e9e vous propose des services de d\u00e9pannage, maintenance et s\u00e9curit\u00e9 informatique adapt\u00e9s \u00e0 vos besoins. Contactez-nous d\u00e8s maintenant !\",\"breadcrumb\":{\"@id\":\"https:\/\/linformatic.fr\/fr\/depannage-informatique-lacroix-saint-ouen\/#breadcrumb\"},\"inLanguage\":\"fr-FR\",\"potentialAction\":[{\"@type\":\"ReadAction\",\"target\":[\"https:\/\/linformatic.fr\/fr\/depannage-informatique-lacroix-saint-ouen\/\"]}]},{\"@type\":\"BreadcrumbList\",\"@id\":\"https:\/\/linformatic.fr\/fr\/depannage-informatique-lacroix-saint-ouen\/#breadcrumb\",\"itemListElement\":[{\"@type\":\"ListItem\",\"position\":1,\"name\":\"Accueil\",\"item\":\"https:\/\/linformatic.fr\/fr\/\"},{\"@type\":\"ListItem\",\"position\":2,\"name\":\"Technicien Informatique \u00e0 Lacroix-Saint-Ouen &#8211; D\u00e9pannage, Maintenance et S\u00e9curit\u00e9 Informatique\"}]},{\"@type\":\"WebSite\",\"@id\":\"https:\/\/linformatic.fr\/fr\/#website\",\"url\":\"https:\/\/linformatic.fr\/fr\/\",\"name\":\"L'informaTIC\",\"description\":\"Votre technicien informatique\",\"publisher\":{\"@id\":\"https:\/\/linformatic.fr\/fr\/#organization\"},\"potentialAction\":[{\"@type\":\"SearchAction\",\"target\":{\"@type\":\"EntryPoint\",\"urlTemplate\":\"https:\/\/linformatic.fr\/fr\/?s={search_term_string}\"},\"query-input\":\"required name=search_term_string\"}],\"inLanguage\":\"fr-FR\"},{\"@type\":\"Organization\",\"@id\":\"https:\/\/linformatic.fr\/fr\/#organization\",\"name\":\"L'informaTIC\",\"url\":\"https:\/\/linformatic.fr\/fr\/\",\"logo\":{\"@type\":\"ImageObject\",\"inLanguage\":\"fr-FR\",\"@id\":\"https:\/\/linformatic.fr\/fr\/#\/schema\/logo\/image\/\",\"url\":\"https:\/\/linformatic.fr\/fr\/wp-content\/uploads\/2023\/03\/logoweb-trans-blanc.png\",\"contentUrl\":\"https:\/\/linformatic.fr\/fr\/wp-content\/uploads\/2023\/03\/logoweb-trans-blanc.png\",\"width\":345,\"height\":56,\"caption\":\"L'informaTIC\"},\"image\":{\"@id\":\"https:\/\/linformatic.fr\/fr\/#\/schema\/logo\/image\/\"},\"sameAs\":[\"https:\/\/www.facebook.com\/LinformaTIC60\",\"https:\/\/www.linkedin.com\/company\/38153432\/\"]}]}<\/script>\n<!-- \/ Yoast SEO plugin. -->","yoast_head_json":{"title":"D\u00e9pannage informatique \u00e0 Lacroix-Saint-Ouen","description":"Besoin d'un technicien informatique \u00e0 Lacroix-Saint-Ouen ? Notre \u00e9quipe exp\u00e9riment\u00e9e vous propose des services de d\u00e9pannage, maintenance et s\u00e9curit\u00e9 informatique adapt\u00e9s \u00e0 vos besoins. Contactez-nous d\u00e8s maintenant !","robots":{"index":"index","follow":"follow","max-snippet":"max-snippet:-1","max-image-preview":"max-image-preview:large","max-video-preview":"max-video-preview:-1"},"canonical":"https:\/\/linformatic.fr\/fr\/depannage-informatique-lacroix-saint-ouen\/","og_locale":"fr_FR","og_type":"article","og_title":"Technicien Informatique \u00e0 Lacroix-Saint-Ouen - D\u00e9pannage, Maintenance et S\u00e9curit\u00e9 Informatique","og_description":"Besoin d'un technicien informatique \u00e0 Lacroix-Saint-Ouen ? Notre \u00e9quipe exp\u00e9riment\u00e9e vous propose des services de d\u00e9pannage, maintenance et s\u00e9curit\u00e9 informatique adapt\u00e9s \u00e0 vos besoins. Contactez-nous d\u00e8s maintenant !","og_url":"https:\/\/linformatic.fr\/fr\/depannage-informatique-lacroix-saint-ouen\/","og_site_name":"L&#039;informaTIC","article_publisher":"https:\/\/www.facebook.com\/LinformaTIC60","article_modified_time":"2023-05-26T09:09:56+00:00","og_image":[{"width":433,"height":469,"url":"https:\/\/linformatic.fr\/fr\/wp-content\/uploads\/2023\/05\/maplacroix.jpg","type":"image\/jpeg"}],"twitter_card":"summary_large_image","twitter_title":"Technicien Informatique \u00e0 Lacroix-Saint-Ouen - D\u00e9pannage, Maintenance et S\u00e9curit\u00e9 Informatique","twitter_description":"Besoin d'un technicien informatique \u00e0 Lacroix-Saint-Ouen ? Notre \u00e9quipe exp\u00e9riment\u00e9e vous propose des services de d\u00e9pannage, maintenance et s\u00e9curit\u00e9 informatique adapt\u00e9s \u00e0 vos besoins. Contactez-nous d\u00e8s maintenant !","twitter_image":"https:\/\/linformatic.fr\/fr\/wp-content\/uploads\/2023\/05\/maplacroix.jpg","twitter_misc":{"Dur\u00e9e de lecture estim\u00e9e":"2 minutes"},"schema":{"@context":"https:\/\/schema.org","@graph":[{"@type":"WebPage","@id":"https:\/\/linformatic.fr\/fr\/depannage-informatique-lacroix-saint-ouen\/","url":"https:\/\/linformatic.fr\/fr\/depannage-informatique-lacroix-saint-ouen\/","name":"D\u00e9pannage informatique \u00e0 Lacroix-Saint-Ouen","isPartOf":{"@id":"https:\/\/linformatic.fr\/fr\/#website"},"datePublished":"2023-05-25T16:09:43+00:00","dateModified":"2023-05-26T09:09:56+00:00","description":"Besoin d'un technicien informatique \u00e0 Lacroix-Saint-Ouen ? Notre \u00e9quipe exp\u00e9riment\u00e9e vous propose des services de d\u00e9pannage, maintenance et s\u00e9curit\u00e9 informatique adapt\u00e9s \u00e0 vos besoins. Contactez-nous d\u00e8s maintenant !","breadcrumb":{"@id":"https:\/\/linformatic.fr\/fr\/depannage-informatique-lacroix-saint-ouen\/#breadcrumb"},"inLanguage":"fr-FR","potentialAction":[{"@type":"ReadAction","target":["https:\/\/linformatic.fr\/fr\/depannage-informatique-lacroix-saint-ouen\/"]}]},{"@type":"BreadcrumbList","@id":"https:\/\/linformatic.fr\/fr\/depannage-informatique-lacroix-saint-ouen\/#breadcrumb","itemListElement":[{"@type":"ListItem","position":1,"name":"Accueil","item":"https:\/\/linformatic.fr\/fr\/"},{"@type":"ListItem","position":2,"name":"Technicien Informatique \u00e0 Lacroix-Saint-Ouen &#8211; D\u00e9pannage, Maintenance et S\u00e9curit\u00e9 Informatique"}]},{"@type":"WebSite","@id":"https:\/\/linformatic.fr\/fr\/#website","url":"https:\/\/linformatic.fr\/fr\/","name":"L'informaTIC","description":"Votre technicien informatique","publisher":{"@id":"https:\/\/linformatic.fr\/fr\/#organization"},"potentialAction":[{"@type":"SearchAction","target":{"@type":"EntryPoint","urlTemplate":"https:\/\/linformatic.fr\/fr\/?s={search_term_string}"},"query-input":"required name=search_term_string"}],"inLanguage":"fr-FR"},{"@type":"Organization","@id":"https:\/\/linformatic.fr\/fr\/#organization","name":"L'informaTIC","url":"https:\/\/linformatic.fr\/fr\/","logo":{"@type":"ImageObject","inLanguage":"fr-FR","@id":"https:\/\/linformatic.fr\/fr\/#\/schema\/logo\/image\/","url":"https:\/\/linformatic.fr\/fr\/wp-content\/uploads\/2023\/03\/logoweb-trans-blanc.png","contentUrl":"https:\/\/linformatic.fr\/fr\/wp-content\/uploads\/2023\/03\/logoweb-trans-blanc.png","width":345,"height":56,"caption":"L'informaTIC"},"image":{"@id":"https:\/\/linformatic.fr\/fr\/#\/schema\/logo\/image\/"},"sameAs":["https:\/\/www.facebook.com\/LinformaTIC60","https:\/\/www.linkedin.com\/company\/38153432\/"]}]}},"uagb_featured_image_src":{"full":false,"thumbnail":false,"medium":false,"medium_large":false,"large":false,"1536x1536":false,"2048x2048":false},"uagb_author_info":{"display_name":"thierry","author_link":"https:\/\/linformatic.fr\/fr\/author\/thierry\/"},"uagb_comment_info":0,"uagb_excerpt":"Particuliers et Entreprises&#8230; Vous recherchez un technicien informatique fiable et r\u00e9actif \u00e0 Lacroix-Saint-Ouen ? Ne cherchez plus ! Notre technicien informatique est l\u00e0 pour vous offrir des services complets de d\u00e9pannage, de maintenance et de s\u00e9curit\u00e9 informatique, que vous soyez un particulier ou un professionnel. Maintenance informatique \u00e0 Lacroix-Saint-Ouen Pour garantir la performance et la\u2026","_links":{"self":[{"href":"https:\/\/linformatic.fr\/fr\/wp-json\/wp\/v2\/pages\/416","targetHints":{"allow":["GET"]}}],"collection":[{"href":"https:\/\/linformatic.fr\/fr\/wp-json\/wp\/v2\/pages"}],"about":[{"href":"https:\/\/linformatic.fr\/fr\/wp-json\/wp\/v2\/types\/page"}],"author":[{"embeddable":true,"href":"https:\/\/linformatic.fr\/fr\/wp-json\/wp\/v2\/users\/1"}],"replies":[{"embeddable":true,"href":"https:\/\/linformatic.fr\/fr\/wp-json\/wp\/v2\/comments?post=416"}],"version-history":[{"count":0,"href":"https:\/\/linformatic.fr\/fr\/wp-json\/wp\/v2\/pages\/416\/revisions"}],"wp:attachment":[{"href":"https:\/\/linformatic.fr\/fr\/wp-json\/wp\/v2\/media?parent=416"}],"curies":[{"name":"wp","href":"https:\/\/api.w.org\/{rel}","templated":true}]}}